{"id":5330,"date":"2020-12-15T14:00:31","date_gmt":"2020-12-15T13:00:31","guid":{"rendered":"https:\/\/www.celebrytka.org\/?post_type=product&#038;p=5330"},"modified":"2021-05-25T11:15:44","modified_gmt":"2021-05-25T10:15:44","slug":"dlugi-srebrny-lancuszek-grubosc-03-cm-dlugosc-70-cm-ze-stali-316-l-sne-6499-70","status":"publish","type":"product","link":"https:\/\/www.celebrytka.org\/?product=dlugi-srebrny-lancuszek-grubosc-03-cm-dlugosc-70-cm-ze-stali-316-l-sne-6499-70","title":{"rendered":"D\u0142ugi srebrny \u0142a\u0144cuszek. Grubo\u015b\u0107- 0,3 cm. D\u0142ugo\u015b\u0107- 70 cm. Ze stali- 316 L. SNE- 6499\/70"},"content":{"rendered":"<p>Oferujemy Pa\u0144stwu \u0142a\u0144cuszek wykonany z wysokiej jako\u015bci <b>stali chirurgicznej 316 L<\/b>\u00a0 cz\u0119sto nazywanej stal\u0105 jubilersk\u0105, stal\u0105 nierdzewn\u0105 lub stal\u0105 szlachetn\u0105.<\/p>\n<p><strong>\u0141a\u0144cuszek o klasycznym p\u0142askim\u00a0 wzorze. Posiada komfortowe zapi\u0119cie na karabi\u0144czyk o bardzo solidnym wyko\u0144czeniu. Ca\u0142o\u015b\u0107 prezentuje si\u0119 oryginalnie i nieszablonowo. Model mo\u017cna u\u017cywa\u0107 do zawieszki \u015bredniej i du\u017cej wielko\u015bci.<\/strong><\/p>\n<p><strong>Tak prosta, czysta forma b\u0119dzie idealnie pasowa\u0142a ka\u017cdemu do ka\u017cdej stylizacji.<\/strong><\/p>\n<p>Produkt stworzony przez czo\u0142owego\u00a0 producenta Czeskiej marki kt\u00f3ra istnieje na polskim rynku od 10 lat i\u00a0 znana jest z najwi\u0119kszej dba\u0142o\u015bci o detale oraz niesamowit\u0105 precyzj\u0119 . Produkty wykonywane s\u0105 w taki spos\u00f3b, aby jak najbardziej zwi\u0119kszy\u0107 komfort ich u\u017cytkowania. \u0141a\u0144cuszek z pewno\u015bci\u0105 wpasuje si\u0119 w gust nawet wymagaj\u0105cych odbiorc\u00f3w oraz b\u0119dzie \u015bwietnym i trafionym <b>prezentem.<\/b><\/p>\n<p>Bi\u017cuteria ta jest produkowana w zaawansowanych technologicznie zak\u0142adach w oparciu o najnowsze technologie, dlatego te\u017c produkty te charakteryzuje <strong>nies\u0142ychana wr\u0119cz precyzja wykonania<\/strong> i ka\u017cdy pojedynczy element to prawdziwe arcydzie\u0142o!!!<\/p>\n<p>Bi\u017cuteria wykonana ze stali chirurgicznej wykazuje najwi\u0119ksz\u0105 <b>odporno\u015b\u0107<\/b>\u00a0na korozj\u0119 oraz czynniki atmosferyczne spo\u015br\u00f3d wszystkich stali, stanowi bezkonkurencyjn\u0105 alternatyw\u0119\u00a0<b>dla os\u00f3b uczulonych<\/b>\u00a0na inne metale, gdy\u017c posiada w\u0142a\u015bciwo\u015bci\u00a0<b>hipoalergiczne.<\/b><\/p>\n<p><strong>Chcesz podkr\u0119ci\u0107 Sw\u00f3j styl? Ten produkt jest w\u0142a\u015bnie dla Ciebie!. Klasyczny wz\u00f3r Figaro zwracaj\u0105cy uwag\u0119.\u00a0 \u00a0<\/strong><\/p>\n<p><b>Wykonana z wysokiej jako\u015bci antyalergicznej stali 316 L\u00a0 \u00a0 \u00a0 \u00a0\u00a0<\/b><\/p>\n<p>Stal szlachetna 316L inaczej zwana stal\u0105 nierdzewn\u0105, jubilersk\u0105 czy chirurgiczn\u0105 jest:<\/p>\n<ul>\n<li>Odporna na zarysowania i wgniecenia<\/li>\n<li>Nie zmienia swojego koloru<\/li>\n<li>Nie \u0142amie si\u0119<\/li>\n<li>Nie rdzewieje<\/li>\n<li>Nie koroduje<\/li>\n<li>Nie czernieje<\/li>\n<li>Nie \u015bniedzieje<\/li>\n<li>Nie odbarwia palc\u00f3w<\/li>\n<li>Nie utlenia si\u0119<\/li>\n<li>Jest antyalergiczna, nie uczula &#8211; idealna bi\u017cuteria dla alergik\u00f3w<\/li>\n<li>Nie wymaga konserwacji, czyszczenia i piel\u0119gnacji, dlatego bez wi\u0119kszego wysi\u0142ku mo\u017cna cieszy\u0107 si\u0119 ich pi\u0119knem i po\u0142yskiem.<\/li>\n<li>Idealnym zamiennikiem a nawet konkurencj\u0105 dla srebra i z\u0142ota<\/li>\n<\/ul>\n<h2>Cechy produktu:<\/h2>\n<div class=\"_1voj4 _z9prt _1xzdi _ai5yc _5d6n2 _15lj1\">\n<div class=\"_4lbi0 _6kfrx _ur8qq _u5o1q _1xm8p _1agsg\">\n<div class=\"_18vat _10a7o _1yhvf _7ccvy\">\n<div class=\"-s-side-pane-product-info__section\">\n<div class=\"-s-side-pane-product-info__section__content\">Model zosta\u0142 wyposa\u017cony w niezwykle wytrzyma\u0142e zapi\u0119cie na karabi\u0144czyk ze stali nierdzewnej.<\/div>\n<\/div>\n<div class=\"-s-side-pane-product-info__section\">\n<p><span class=\"-s-section-title\">MATERIA<\/span><\/p>\n<p>Stal nierdzewna 316 L<\/p>\n<\/div>\n<div class=\"-s-side-pane-product-info__section\">\n<p><span class=\"-s-section-title\">WYMIARY<\/span><\/p>\n<div class=\"-s-side-pane-product-info__section__content\">\n<p>D\u0142ugo\u015b\u0107 wynosi oko\u0142o 70 cm<\/p>\n<p>Szeroko\u015b\u0107- 0,3 cm<\/p>\n<div class=\"-s-pp-size-guide -j-bracelet-size-guide\"><\/div>\n<\/div>\n<\/div>\n<\/div>\n<\/div>\n<\/div>\n","protected":false},"excerpt":{"rendered":"<p>Stal &#8211; 316L. Rozm. 70 cm. Kolor srebrny.<\/p>\n","protected":false},"featured_media":5331,"template":"","meta":[],"yoast_head":"<!-- This site is optimized with the Yoast SEO plugin v15.9.1 - https:\/\/yoast.com\/wordpress\/plugins\/seo\/ -->\n<title>D\u0142ugi srebrny \u0142a\u0144cuszek. Grubo\u015b\u0107- 0,3 cm. D\u0142ugo\u015b\u0107- 70 cm. Ze stali- 316 L. SNE- 6499\/70 &ndash; Celebrytka<\/title>\n<meta name=\"robots\" content=\"index, follow, max-snippet:-1, max-image-preview:large, max-video-preview:-1\" \/>\n<link rel=\"canonical\" href=\"https:\/\/www.celebrytka.org\/?product=dlugi-srebrny-lancuszek-grubosc-03-cm-dlugosc-70-cm-ze-stali-316-l-sne-6499-70\" \/>\n<meta property=\"og:locale\" content=\"pl_PL\" \/>\n<meta property=\"og:type\" content=\"article\" \/>\n<meta property=\"og:title\" content=\"D\u0142ugi srebrny \u0142a\u0144cuszek. Grubo\u015b\u0107- 0,3 cm. D\u0142ugo\u015b\u0107- 70 cm. Ze stali- 316 L. SNE- 6499\/70 &ndash; Celebrytka\" \/>\n<meta property=\"og:description\" content=\"Stal - 316L. Rozm. 70 cm. Kolor srebrny.\" \/>\n<meta property=\"og:url\" content=\"https:\/\/www.celebrytka.org\/?product=dlugi-srebrny-lancuszek-grubosc-03-cm-dlugosc-70-cm-ze-stali-316-l-sne-6499-70\" \/>\n<meta property=\"og:site_name\" content=\"Celebrytka\" \/>\n<meta property=\"article:publisher\" content=\"https:\/\/www.facebook.com\/irena.misztal.7\" \/>\n<meta property=\"article:modified_time\" content=\"2021-05-25T10:15:44+00:00\" \/>\n<meta property=\"og:image\" content=\"https:\/\/www.celebrytka.org\/wp-content\/uploads\/2020\/12\/20201215_113756-scaled.jpg\" \/>\n\t<meta property=\"og:image:width\" content=\"1920\" \/>\n\t<meta property=\"og:image:height\" content=\"2560\" \/>\n<meta name=\"twitter:card\" content=\"summary_large_image\" \/>\n<meta name=\"twitter:label1\" content=\"Est. reading time\">\n\t<meta name=\"twitter:data1\" content=\"2 minuty\">\n<script type=\"application\/ld+json\" class=\"yoast-schema-graph\">{\"@context\":\"https:\/\/schema.org\",\"@graph\":[{\"@type\":\"Organization\",\"@id\":\"https:\/\/www.celebrytka.org\/#organization\",\"name\":\"P.H.U. \\\"CELEBRYTKA\\\" IRENA MISZTAL\",\"url\":\"https:\/\/www.celebrytka.org\/\",\"sameAs\":[\"https:\/\/www.facebook.com\/irena.misztal.7\"],\"logo\":{\"@type\":\"ImageObject\",\"@id\":\"https:\/\/www.celebrytka.org\/#logo\",\"inLanguage\":\"pl-PL\",\"url\":\"https:\/\/www.celebrytka.org\/wp-content\/uploads\/2021\/01\/logo.jpg\",\"width\":360,\"height\":208,\"caption\":\"P.H.U. \\\"CELEBRYTKA\\\" IRENA MISZTAL\"},\"image\":{\"@id\":\"https:\/\/www.celebrytka.org\/#logo\"}},{\"@type\":\"WebSite\",\"@id\":\"https:\/\/www.celebrytka.org\/#website\",\"url\":\"https:\/\/www.celebrytka.org\/\",\"name\":\"Bi\\u017cuteria ze stali szlachetnej\",\"description\":\"Bi\\u017cuteria ze stali szlachetnej\",\"publisher\":{\"@id\":\"https:\/\/www.celebrytka.org\/#organization\"},\"potentialAction\":[{\"@type\":\"SearchAction\",\"target\":\"https:\/\/www.celebrytka.org\/?s={search_term_string}\",\"query-input\":\"required name=search_term_string\"}],\"inLanguage\":\"pl-PL\"},{\"@type\":\"ImageObject\",\"@id\":\"https:\/\/www.celebrytka.org\/?product=dlugi-srebrny-lancuszek-grubosc-03-cm-dlugosc-70-cm-ze-stali-316-l-sne-6499-70#primaryimage\",\"inLanguage\":\"pl-PL\",\"url\":\"https:\/\/www.celebrytka.org\/wp-content\/uploads\/2020\/12\/20201215_113756-scaled.jpg\",\"width\":1920,\"height\":2560},{\"@type\":\"WebPage\",\"@id\":\"https:\/\/www.celebrytka.org\/?product=dlugi-srebrny-lancuszek-grubosc-03-cm-dlugosc-70-cm-ze-stali-316-l-sne-6499-70#webpage\",\"url\":\"https:\/\/www.celebrytka.org\/?product=dlugi-srebrny-lancuszek-grubosc-03-cm-dlugosc-70-cm-ze-stali-316-l-sne-6499-70\",\"name\":\"D\\u0142ugi srebrny \\u0142a\\u0144cuszek. Grubo\\u015b\\u0107- 0,3 cm. D\\u0142ugo\\u015b\\u0107- 70 cm. Ze stali- 316 L. SNE- 6499\/70 &ndash; Celebrytka\",\"isPartOf\":{\"@id\":\"https:\/\/www.celebrytka.org\/#website\"},\"primaryImageOfPage\":{\"@id\":\"https:\/\/www.celebrytka.org\/?product=dlugi-srebrny-lancuszek-grubosc-03-cm-dlugosc-70-cm-ze-stali-316-l-sne-6499-70#primaryimage\"},\"datePublished\":\"2020-12-15T13:00:31+00:00\",\"dateModified\":\"2021-05-25T10:15:44+00:00\",\"breadcrumb\":{\"@id\":\"https:\/\/www.celebrytka.org\/?product=dlugi-srebrny-lancuszek-grubosc-03-cm-dlugosc-70-cm-ze-stali-316-l-sne-6499-70#breadcrumb\"},\"inLanguage\":\"pl-PL\",\"potentialAction\":[{\"@type\":\"ReadAction\",\"target\":[\"https:\/\/www.celebrytka.org\/?product=dlugi-srebrny-lancuszek-grubosc-03-cm-dlugosc-70-cm-ze-stali-316-l-sne-6499-70\"]}]},{\"@type\":\"BreadcrumbList\",\"@id\":\"https:\/\/www.celebrytka.org\/?product=dlugi-srebrny-lancuszek-grubosc-03-cm-dlugosc-70-cm-ze-stali-316-l-sne-6499-70#breadcrumb\",\"itemListElement\":[{\"@type\":\"ListItem\",\"position\":1,\"item\":{\"@type\":\"WebPage\",\"@id\":\"https:\/\/www.celebrytka.org\/\",\"url\":\"https:\/\/www.celebrytka.org\/\",\"name\":\"Strona g\\u0142\\u00f3wna\"}},{\"@type\":\"ListItem\",\"position\":2,\"item\":{\"@type\":\"WebPage\",\"@id\":\"https:\/\/www.celebrytka.org\/?page_id=38\",\"url\":\"https:\/\/www.celebrytka.org\/?page_id=38\",\"name\":\"Sklep\"}},{\"@type\":\"ListItem\",\"position\":3,\"item\":{\"@type\":\"WebPage\",\"@id\":\"https:\/\/www.celebrytka.org\/?product=dlugi-srebrny-lancuszek-grubosc-03-cm-dlugosc-70-cm-ze-stali-316-l-sne-6499-70\",\"url\":\"https:\/\/www.celebrytka.org\/?product=dlugi-srebrny-lancuszek-grubosc-03-cm-dlugosc-70-cm-ze-stali-316-l-sne-6499-70\",\"name\":\"D\\u0142ugi srebrny \\u0142a\\u0144cuszek. Grubo\\u015b\\u0107- 0,3 cm. D\\u0142ugo\\u015b\\u0107- 70 cm. Ze stali- 316 L. SNE- 6499\/70\"}}]}]}<\/script>\n<!-- \/ Yoast SEO plugin. -->","_links":{"self":[{"href":"https:\/\/www.celebrytka.org\/index.php?rest_route=\/wp\/v2\/product\/5330"}],"collection":[{"href":"https:\/\/www.celebrytka.org\/index.php?rest_route=\/wp\/v2\/product"}],"about":[{"href":"https:\/\/www.celebrytka.org\/index.php?rest_route=\/wp\/v2\/types\/product"}],"version-history":[{"count":1,"href":"https:\/\/www.celebrytka.org\/index.php?rest_route=\/wp\/v2\/product\/5330\/revisions"}],"predecessor-version":[{"id":5334,"href":"https:\/\/www.celebrytka.org\/index.php?rest_route=\/wp\/v2\/product\/5330\/revisions\/5334"}],"wp:featuredmedia":[{"embeddable":true,"href":"https:\/\/www.celebrytka.org\/index.php?rest_route=\/wp\/v2\/media\/5331"}],"wp:attachment":[{"href":"https:\/\/www.celebrytka.org\/index.php?rest_route=%2Fwp%2Fv2%2Fmedia&parent=5330"}],"curies":[{"name":"wp","href":"https:\/\/api.w.org\/{rel}","templated":true}]}}